{"id":1054,"date":"2018-06-25T11:10:31","date_gmt":"2018-06-25T09:10:31","guid":{"rendered":"http:\/\/devoirsvt.free.fr\/?page_id=1054"},"modified":"2022-08-26T23:15:44","modified_gmt":"2022-08-26T21:15:44","slug":"utilisations-du-microscope-polarisant","status":"publish","type":"page","link":"https:\/\/devoirsvt.fabien-nguyen.fr\/?page_id=1054","title":{"rendered":"Utilisation du microscope polarisant en g\u00e9ologie"},"content":{"rendered":"<h3>Identification de min\u00e9raux \u00e0 l&rsquo;\u0153il nu<\/h3>\n<ul>\n<li><a href=\"wp-content\/uploads\/2019\/08\/tt1st2c2uaeld10.jpg\" target=\"_blank\" rel=\"noopener noreferrer\">Planche d&rsquo;identification de min\u00e9raux \u00e0 l&rsquo;\u0153il nu <img decoding=\"async\" src=\"wp-content\/uploads\/2019\/08\/tt1st2c2uaeld10-290x300.jpg\" style=\"width:300px;\" alt=\"Planche d'identification de min\u00e9raux \u00e0 l'\u0153il nu\" title=\"Planche d'identification de min\u00e9raux \u00e0 l'\u0153il nu\" align=\"absmiddle\"><\/a><\/li>\n<li><a href=\"http:\/\/lithotheque.ens-lyon.fr\/Lithotheque\/FormRech\/jeux.php\" target=\"_blank\" rel=\"noopener noreferrer\">Apprendre \u00e0 identifier quelques roches \u00e0 l&rsquo;aide de la Lithoth\u00e8que de l&rsquo;ENS Lyon <img decoding=\"async\" src=\"http:\/\/lithotheque.ens-lyon.fr\/Lithotheque\/photos_mac\/E28.26_1_min.jpg\" alt=\"Lithoth\u00e8que de l'ENS Lyon\" title=\"Lithoth\u00e8que de l'ENS Lyon\" style=\"wisth:300px;\" align=\"absmiddle\"><\/a><\/li>\n<\/ul>\n<h3>Le microscope polarisant<\/h3>\n<ul>\n<li>Le principe de l&rsquo;utilisation du microscope polarisant<br \/><iframe loading=\"lazy\" width=\"560\" height=\"315\" src=\"https:\/\/www.youtube.com\/embed\/9k-h3BCAj9I\" frameborder=\"0\" allow=\"autoplay; encrypted-media\" allowfullscreen><\/iframe><\/li>\n<li>L&rsquo;utilisation du microscope polarisant<br \/><iframe loading=\"lazy\" width=\"560\" height=\"315\" src=\"https:\/\/www.youtube.com\/embed\/ivd2v4pTVAI\" frameborder=\"0\" allow=\"autoplay; encrypted-media\" allowfullscreen><\/iframe><\/li>\n<\/ul>\n<h3>L&rsquo;analyse des roches au microscope polarisant<\/h3>\n<ul>\n<li><a href=\"https:\/\/docplayer.fr\/64738438-Bour-ivan-cfa-unicem.html\" target=\"_blank\" rel=\"noopener noreferrer\">Les roches magmatiques : reconnaissance et contexte g\u00e9odynamique <img decoding=\"async\" src=\"wp-content\/uploads\/2019\/08\/Observation-et-contexte-geodynamique-roches-magmatiques-300x225.jpg\" alt=\"Observation-et-contexte-geodynamique-roches-magmatiques\" title=\"Observation-et-contexte-geodynamique-roches-magmatiques\" style=\"width:300px;\" align=\"absmiddle\"><\/a>\n<li><a href=\"https:\/\/lithotheque.ens-lyon.fr\/Lithotheque\/Gam\/Gam2\/JeuPetro.php?niv=1\" target=\"_blank\" rel=\"noopener noreferrer\">Apprendre \u00e0 identifier quelques min\u00e9raux \u00e0 l&rsquo;aide de la Lithoth\u00e8que de l&rsquo;ENS Lyon <img decoding=\"async\" src=\"http:\/\/lithotheque.ens-lyon.fr\/Lithotheque\/photos_mic\/4.2.1.4.1_LP6.jpg\" alt=\"Lithoth\u00e8que de l'ENS Lyon\" title=\"Lithoth\u00e8que de l'ENS Lyon\" style=\"width:300px;\" align=\"absmiddle\"><\/a><\/li>\n<li><a href=\"http:\/\/macromicrophoto.fr\/petrography\/#\" target=\"_blank\" rel=\"noopener noreferrer\">Catalogue de photographies de lames en lumi\u00e8re polaris\u00e9e non analys\u00e9e (LPNA) et analys\u00e9e (LPA) <img decoding=\"async\" src=\"http:\/\/macromicrophoto.fr\/petrography\/random\/mx9.jpg\" style=\"width:300px;\" align=\"absmiddle\"><\/a><\/li>\n<li><a href=\"https:\/\/disciplines.ac-toulouse.fr\/svt\/sites\/svt\/files\/animation\/bankoutil\/planches_mineraux_couleurs.pdf\" target=\"_blank\" rel=\"noopener noreferrer\">Planche d&rsquo;identification de min\u00e9raux <img decoding=\"async\" src=\"wp-content\/uploads\/2018\/08\/Planche-didentification-de-min\u00e9raux-300x187.jpg\" alt=\"Planche d&#039;identification de min\u00e9raux.jpg\" style=\"width:300px;\" title=\"Planche d'identification de min\u00e9raux.jpg\" align=\"absmiddle\" \/><\/a><\/li>\n<li><a style=\"font-weight:bold;\" href=\"telechargements\/Identification_de_roches.odg\" target=\"_blank\" rel=\"noopener noreferrer\">Document d&rsquo;identification de roches \u00e0 t\u00e9l\u00e9charger et \u00e0 compl\u00e9ter <img decoding=\"async\" src=\"wp-content\/uploads\/2017\/06\/LibreOffice_Draw_icon-250x300.png\" alt=\"Fichier LibreOffice Dessin\" style=\"width:100px;\" align=\"absmiddle\"><\/a><\/li>\n<\/ul>\n","protected":false},"excerpt":{"rendered":"<p>Identification de min\u00e9raux \u00e0 l&rsquo;\u0153il nu Planche d&rsquo;identification de min\u00e9raux \u00e0 l&rsquo;\u0153il nu Apprendre \u00e0 identifier quelques roches \u00e0 l&rsquo;aide de la Lithoth\u00e8que de l&rsquo;ENS Lyon Le microscope polarisant Le principe de l&rsquo;utilisation du microscope polarisant L&rsquo;utilisation du microscope polarisant L&rsquo;analyse des roches au microscope polarisant Les roches magmatiques : reconnaissance et contexte g\u00e9odynamique Apprendre [&hellip;]<\/p>\n","protected":false},"author":1,"featured_media":0,"parent":0,"menu_order":0,"comment_status":"closed","ping_status":"closed","template":"","meta":{"_mo_disable_npp":"","footnotes":""},"class_list":["post-1054","page","type-page","status-publish","hentry"],"_links":{"self":[{"href":"https:\/\/devoirsvt.fabien-nguyen.fr\/index.php?rest_route=\/wp\/v2\/pages\/1054","targetHints":{"allow":["GET"]}}],"collection":[{"href":"https:\/\/devoirsvt.fabien-nguyen.fr\/index.php?rest_route=\/wp\/v2\/pages"}],"about":[{"href":"https:\/\/devoirsvt.fabien-nguyen.fr\/index.php?rest_route=\/wp\/v2\/types\/page"}],"author":[{"embeddable":true,"href":"https:\/\/devoirsvt.fabien-nguyen.fr\/index.php?rest_route=\/wp\/v2\/users\/1"}],"replies":[{"embeddable":true,"href":"https:\/\/devoirsvt.fabien-nguyen.fr\/index.php?rest_route=%2Fwp%2Fv2%2Fcomments&post=1054"}],"version-history":[{"count":25,"href":"https:\/\/devoirsvt.fabien-nguyen.fr\/index.php?rest_route=\/wp\/v2\/pages\/1054\/revisions"}],"predecessor-version":[{"id":2293,"href":"https:\/\/devoirsvt.fabien-nguyen.fr\/index.php?rest_route=\/wp\/v2\/pages\/1054\/revisions\/2293"}],"wp:attachment":[{"href":"https:\/\/devoirsvt.fabien-nguyen.fr\/index.php?rest_route=%2Fwp%2Fv2%2Fmedia&parent=1054"}],"curies":[{"name":"wp","href":"https:\/\/api.w.org\/{rel}","templated":true}]}}