{"id":1437,"date":"2018-05-27T22:17:25","date_gmt":"2018-05-27T20:17:25","guid":{"rendered":"http:\/\/devoirsvt.free.fr\/?page_id=1437"},"modified":"2022-08-26T23:12:31","modified_gmt":"2022-08-26T21:12:31","slug":"les-melanges","status":"publish","type":"page","link":"https:\/\/devoirsvt.fabien-nguyen.fr\/?page_id=1437","title":{"rendered":"Les m\u00e9langes"},"content":{"rendered":"<ul>\n<li><a href=\"https:\/\/docs.google.com\/document\/d\/1RYT6ygAOKGd2eeP1PakQ1eLdjMMumRQPRF5x3Gi_XEI\/edit?usp=sharing\" target=\"_blank\" rel=\"noopener\">Le cahier-\u00e9l\u00e8ve <img decoding=\"async\" title=\"Le cahier-\u00e9l\u00e8ve\" src=\"wp-content\/uploads\/2017\/06\/matt-icons_accessories-pdf-viewer-300px-300x287.png\" alt=\"Le cahier-\u00e9l\u00e8ve\" style=\"width:40px;\" \/><\/a><\/li>\n<\/ul>\n<h3>Les m\u00e9langes<\/h3>\n<ul>\n<li>La cr\u00e9ation d&rsquo;une lampe de lave<br \/><iframe loading=\"lazy\" width=\"560\" height=\"315\" src=\"https:\/\/www.youtube.com\/embed\/4OxiOWK4KNM\" frameborder=\"0\" allow=\"autoplay; encrypted-media\" allowfullscreen><\/iframe><\/li>\n<\/ul>\n<h3>Nettoyer l&rsquo;eau sale<\/h3>\n<ul>\n<li>Comment filtrer et purifier de l&rsquo;eau en pleine nature ?<br \/><iframe loading=\"lazy\" width=\"560\" height=\"315\" src=\"https:\/\/www.youtube.com\/embed\/Gi6lVv13b6M\" frameborder=\"0\" allow=\"autoplay; encrypted-media\" allowfullscreen><\/iframe><\/li>\n<li>Du robinet \u00e0 la station d&rsquo;\u00e9puration<br \/><iframe loading=\"lazy\" width=\"560\" height=\"315\" src=\"https:\/\/www.youtube.com\/embed\/U4H7ZTtvVc4\" frameborder=\"0\" allow=\"autoplay; encrypted-media\" allowfullscreen><\/iframe><\/li>\n<li>Nettoyer l&rsquo;eau sale chez soi<br \/><iframe loading=\"lazy\" width=\"560\" height=\"315\" src=\"https:\/\/www.youtube.com\/embed\/QsEeL8K5g8A\" frameborder=\"0\" allow=\"autoplay; encrypted-media\" allowfullscreen><\/iframe><\/li>\n<li>Une douche infinie<br \/><iframe loading=\"lazy\" width=\"560\" height=\"315\" src=\"https:\/\/www.youtube.com\/embed\/prt7oWOEfmI\" frameborder=\"0\" allow=\"autoplay; encrypted-media\" allowfullscreen><\/iframe><\/li>\n<\/ul>\n","protected":false},"excerpt":{"rendered":"<p>Le cahier-\u00e9l\u00e8ve Les m\u00e9langes La cr\u00e9ation d&rsquo;une lampe de lave Nettoyer l&rsquo;eau sale Comment filtrer et purifier de l&rsquo;eau en pleine nature ? Du robinet \u00e0 la station d&rsquo;\u00e9puration Nettoyer l&rsquo;eau sale chez soi Une douche infinie<\/p>\n","protected":false},"author":1,"featured_media":0,"parent":0,"menu_order":0,"comment_status":"closed","ping_status":"closed","template":"","meta":{"_mo_disable_npp":"","footnotes":""},"class_list":["post-1437","page","type-page","status-publish","hentry"],"_links":{"self":[{"href":"https:\/\/devoirsvt.fabien-nguyen.fr\/index.php?rest_route=\/wp\/v2\/pages\/1437","targetHints":{"allow":["GET"]}}],"collection":[{"href":"https:\/\/devoirsvt.fabien-nguyen.fr\/index.php?rest_route=\/wp\/v2\/pages"}],"about":[{"href":"https:\/\/devoirsvt.fabien-nguyen.fr\/index.php?rest_route=\/wp\/v2\/types\/page"}],"author":[{"embeddable":true,"href":"https:\/\/devoirsvt.fabien-nguyen.fr\/index.php?rest_route=\/wp\/v2\/users\/1"}],"replies":[{"embeddable":true,"href":"https:\/\/devoirsvt.fabien-nguyen.fr\/index.php?rest_route=%2Fwp%2Fv2%2Fcomments&post=1437"}],"version-history":[{"count":10,"href":"https:\/\/devoirsvt.fabien-nguyen.fr\/index.php?rest_route=\/wp\/v2\/pages\/1437\/revisions"}],"predecessor-version":[{"id":2284,"href":"https:\/\/devoirsvt.fabien-nguyen.fr\/index.php?rest_route=\/wp\/v2\/pages\/1437\/revisions\/2284"}],"wp:attachment":[{"href":"https:\/\/devoirsvt.fabien-nguyen.fr\/index.php?rest_route=%2Fwp%2Fv2%2Fmedia&parent=1437"}],"curies":[{"name":"wp","href":"https:\/\/api.w.org\/{rel}","templated":true}]}}