{"id":216,"date":"2017-07-15T11:21:06","date_gmt":"2017-07-15T09:21:06","guid":{"rendered":"http:\/\/devoirsvt.free.fr\/?page_id=216"},"modified":"2022-08-26T23:09:05","modified_gmt":"2022-08-26T21:09:05","slug":"la-terre-dans-le-systeme-solaire","status":"publish","type":"page","link":"https:\/\/devoirsvt.fabien-nguyen.fr\/?page_id=216","title":{"rendered":"La Terre dans le Syst\u00e8me solaire"},"content":{"rendered":"<ul>\n<li><a href=\"https:\/\/docs.google.com\/document\/d\/1GDvuMU20BD2I-COvUmRnNuufRfZqQFjjEIklttKsq3s\/edit?usp=sharing\" target=\"_blank\" rel=\"noopener noreferrer\">Le cahier-\u00e9l\u00e8ve <img decoding=\"async\" title=\"Le cahier-\u00e9l\u00e8ve\" src=\"wp-content\/uploads\/2017\/06\/matt-icons_accessories-pdf-viewer-300px-300x287.png\" alt=\"Le cahier-\u00e9l\u00e8ve\" style=\"width:40px;\" \/><\/a><\/li>\n<\/ul>\n<h3>La Terre dans l&rsquo;Univers<\/h3>\n<ul>\n<li>Qu&rsquo;est-ce que l&rsquo;Univers ?<br \/><iframe loading=\"lazy\" src=\"\/\/www.reseau-canope.fr\/lesfondamentaux\/embed\/lunivers.html\" width=\"640\" height=\"360\" frameborder=\"0\"><\/iframe><\/li>\n<li>Les types d&rsquo;astres<br \/><iframe loading=\"lazy\" src=\"\/\/www.reseau-canope.fr\/lesfondamentaux\/embed\/les-types-dastres.html\" width=\"640\" height=\"360\" frameborder=\"0\"><\/iframe><\/li>\n<li>De quoi est constitu\u00e9 le Syst\u00e8me solaire ?<br \/><iframe loading=\"lazy\" src=\"\/\/www.reseau-canope.fr\/lesfondamentaux\/embed\/le-systeme-solaire.html\" width=\"640\" height=\"360\" frameborder=\"0\"><\/iframe><\/li>\n<li>De quoi est constitu\u00e9 le Syst\u00e8me solaire ?<br \/><iframe loading=\"lazy\" width=\"560\" height=\"315\" src=\"https:\/\/www.youtube.com\/embed\/KxJLOozIHOU\" frameborder=\"0\" allowfullscreen><\/iframe><\/li>\n<li>De quoi est constitu\u00e9 le Syst\u00e8me solaire ?<br \/>\n<iframe loading=\"lazy\" width=\"560\" height=\"315\" src=\"https:\/\/www.youtube.com\/embed\/shQJd3oGYn8\" title=\"YouTube video player\" frameborder=\"0\" allow=\"accelerometer; clipboard-write; encrypted-media; gyroscope; picture-in-picture\" allowfullscreen><\/iframe><\/li>\n<li><a href=\"wp-content\/uploads\/2017\/07\/Solar_system_scale_v.jpg\" target=\"_blank\" rel=\"noopener noreferrer\">Le Syst\u00e8me solaire<br \/><div id=\"attachment_243\" style=\"width: 115px\" class=\"wp-caption alignnone\"><img loading=\"lazy\" decoding=\"async\" aria-describedby=\"caption-attachment-243\" src=\"wp-content\/uploads\/2017\/07\/Solar_system_scale_v-105x300.jpg\" alt=\"Syst\u00e8me solaire\" width=\"105\" height=\"300\" class=\"size-medium wp-image-243\" srcset=\"https:\/\/devoirsvt.fabien-nguyen.fr\/wp-content\/uploads\/2017\/07\/Solar_system_scale_v-105x300.jpg 105w, https:\/\/devoirsvt.fabien-nguyen.fr\/wp-content\/uploads\/2017\/07\/Solar_system_scale_v-358x1024.jpg 358w, https:\/\/devoirsvt.fabien-nguyen.fr\/wp-content\/uploads\/2017\/07\/Solar_system_scale_v.jpg 490w\" sizes=\"auto, (max-width: 105px) 100vw, 105px\" \/><p id=\"caption-attachment-243\" class=\"wp-caption-text\">\u00a9 NASA &#8211; Domaine public<\/p><\/div><\/a><\/li>\n<li>Comparaison des tailles des astres<br \/>\n<iframe loading=\"lazy\" width=\"560\" height=\"315\" src=\"https:\/\/www.youtube.com\/embed\/HEheh1BH34Q\" frameborder=\"0\" allow=\"accelerometer; autoplay; encrypted-media; gyroscope; picture-in-picture\" allowfullscreen><\/iframe><\/li>\n<li><a href=\"https:\/\/www.lemonde.fr\/les-decodeurs\/article\/2017\/09\/05\/sondes-voyager-visualisez-quarante-ans-de-periple-spatial_5181314_4355770.html\" target=\"_blank\" rel=\"noopener noreferrer\">O\u00f9 sont les sondes Voyager ? <img decoding=\"async\" src=\"wp-content\/uploads\/2019\/06\/Sondes_voyager-229x300.jpg\" alt=\"\" width=\"229\" title=\"O\u00f9 sont les sondes Voyager\" alt=\"O\u00f9 sont les sondes Voyager\" align=\"absmiddle\"><\/a><\/li>\n<li><a href=\"telechargements\/02-Carte-mentale-de-la-place-de-la-Terre-eleve.odg\"><strong>Carte mentale de la place de la Terre \u00e0 compl\u00e9ter<\/strong> <img decoding=\"async\" src=\"wp-content\/uploads\/2017\/06\/LibreOffice_Draw_icon-250x300.png\" alt=\"Fichier LibreOffice Dessin\" style=\"width:30px;\"\/><\/a><\/li>\n<p>       <!--\n\n<li>Les vitesses de mouvement des astres<br \/><iframe loading=\"lazy\" width=\"560\" height=\"315\" src=\"https:\/\/www.youtube.com\/embed\/MY3-3nsD9GA\" frameborder=\"0\" allow=\"accelerometer; autoplay; encrypted-media; gyroscope; picture-in-picture\" allowfullscreen><\/iframe><\/li>\n\n-->\n<\/ul>\n<h3>La Terre dans le Syst\u00e8me solaire<\/h3>\n<ul>\n<li>La Terre, une plan\u00e8te comme les autres ?<br \/><iframe loading=\"lazy\" src=\"\/\/www.reseau-canope.fr\/lesfondamentaux\/embed\/terre-la-planete-bleue.html\" width=\"640\" height=\"360\" frameborder=\"0\"><\/iframe><\/li>\n<li>Comment expliquer l&rsquo;alternance jour-nuit ?<br \/><iframe loading=\"lazy\" src=\"\/\/www.reseau-canope.fr\/lesfondamentaux\/embed\/laxe-de-rotation-de-la-terre.html\" width=\"640\" height=\"360\" frameborder=\"0\"><\/iframe><\/li>\n<li>La rotation de la Terre sur elle-m\u00eame<br \/><img decoding=\"async\" src=\"telechargements\/Rotation_de_la_Terre_sur_elle-meme_small.gif\" style=\"width:800px;\" \/><\/li>\n<li>Le sens de rotation de la Terre<br \/><iframe loading=\"lazy\" src=\"\/\/www.reseau-canope.fr\/lesfondamentaux\/embed\/le-sens-de-rotation-de-la-terre.html\" width=\"640\" height=\"360\" frameborder=\"0\"><\/iframe><\/a><\/li>\n<li>La rotation des plan\u00e8tes du Syst\u00e8me solaire<br \/><iframe loading=\"lazy\" width=\"560\" height=\"315\" src=\"https:\/\/www.youtube.com\/embed\/MS8KA7Mayho\" frameborder=\"0\" allow=\"accelerometer; autoplay; encrypted-media; gyroscope; picture-in-picture\" allowfullscreen><\/iframe><\/li>\n<li>Les changements de saison<br \/><iframe loading=\"lazy\" src=\"\/\/www.reseau-canope.fr\/lesfondamentaux\/embed\/les-changements-de-saisons.html\" width=\"640\" height=\"360\" frameborder=\"0\"><\/iframe><\/li>\n<li>Comment se forment les aurores polaires ?<br \/><iframe loading=\"lazy\" width=\"560\" height=\"315\" src=\"https:\/\/www.youtube.com\/embed\/B9v8LlzEh6M\" frameborder=\"0\" allow=\"accelerometer; autoplay; encrypted-media; gyroscope; picture-in-picture\" allowfullscreen><\/iframe><\/li>\n<\/ul>\n","protected":false},"excerpt":{"rendered":"<p>Le cahier-\u00e9l\u00e8ve La Terre dans l&rsquo;Univers Qu&rsquo;est-ce que l&rsquo;Univers ? Les types d&rsquo;astres De quoi est constitu\u00e9 le Syst\u00e8me solaire ? De quoi est constitu\u00e9 le Syst\u00e8me solaire ? De quoi est constitu\u00e9 le Syst\u00e8me solaire ? Le Syst\u00e8me solaire Comparaison des tailles des astres O\u00f9 sont les sondes Voyager ? Carte mentale de la [&hellip;]<\/p>\n","protected":false},"author":1,"featured_media":0,"parent":0,"menu_order":0,"comment_status":"closed","ping_status":"closed","template":"","meta":{"_mo_disable_npp":"","footnotes":""},"class_list":["post-216","page","type-page","status-publish","hentry"],"_links":{"self":[{"href":"https:\/\/devoirsvt.fabien-nguyen.fr\/index.php?rest_route=\/wp\/v2\/pages\/216","targetHints":{"allow":["GET"]}}],"collection":[{"href":"https:\/\/devoirsvt.fabien-nguyen.fr\/index.php?rest_route=\/wp\/v2\/pages"}],"about":[{"href":"https:\/\/devoirsvt.fabien-nguyen.fr\/index.php?rest_route=\/wp\/v2\/types\/page"}],"author":[{"embeddable":true,"href":"https:\/\/devoirsvt.fabien-nguyen.fr\/index.php?rest_route=\/wp\/v2\/users\/1"}],"replies":[{"embeddable":true,"href":"https:\/\/devoirsvt.fabien-nguyen.fr\/index.php?rest_route=%2Fwp%2Fv2%2Fcomments&post=216"}],"version-history":[{"count":30,"href":"https:\/\/devoirsvt.fabien-nguyen.fr\/index.php?rest_route=\/wp\/v2\/pages\/216\/revisions"}],"predecessor-version":[{"id":2274,"href":"https:\/\/devoirsvt.fabien-nguyen.fr\/index.php?rest_route=\/wp\/v2\/pages\/216\/revisions\/2274"}],"wp:attachment":[{"href":"https:\/\/devoirsvt.fabien-nguyen.fr\/index.php?rest_route=%2Fwp%2Fv2%2Fmedia&parent=216"}],"curies":[{"name":"wp","href":"https:\/\/api.w.org\/{rel}","templated":true}]}}