{"id":406,"date":"2017-07-24T20:30:09","date_gmt":"2017-07-24T18:30:09","guid":{"rendered":"http:\/\/devoirsvt.free.fr\/?page_id=406"},"modified":"2022-08-26T23:02:55","modified_gmt":"2022-08-26T21:02:55","slug":"histoire-de-la-vision-du-systeme-solaire","status":"publish","type":"page","link":"https:\/\/devoirsvt.fabien-nguyen.fr\/?page_id=406","title":{"rendered":"Histoire de la vision du Syst\u00e8me solaire"},"content":{"rendered":"<ul>\n<li><a href=\"https:\/\/docs.google.com\/document\/d\/16sV3EGKtMAFJrsRHzh1eP2JIrw6wdaX-NY_l3sR3rzA\/edit?usp=sharing\" target=\"_blank\" rel=\"noopener\">Le cahier-\u00e9l\u00e8ve <img decoding=\"async\" title=\"Le cahier-\u00e9l\u00e8ve\" src=\"wp-content\/uploads\/2017\/06\/matt-icons_accessories-pdf-viewer-300px-300x287.png\" alt=\"Le cahier-\u00e9l\u00e8ve\" style=\"width:40px;\" \/><\/a><\/li>\n<\/ul>\n<ul>\n<li>Les changements de saison<br \/><iframe loading=\"lazy\" src=\"\/\/www.reseau-canope.fr\/lesfondamentaux\/embed\/les-changements-de-saisons.html\" width=\"640\" height=\"360\" frameborder=\"0\"><\/iframe><\/li>\n<li>Une histoire de la vision du Syst\u00e8me solaire<br \/><iframe loading=\"lazy\" src=\"\/\/www.reseau-canope.fr\/lesfondamentaux\/embed\/copernic-et-galilee.html\" width=\"640\" height=\"360\" frameborder=\"0\"><\/iframe><\/li>\n<\/ul>\n","protected":false},"excerpt":{"rendered":"<p>Le cahier-\u00e9l\u00e8ve Les changements de saison Une histoire de la vision du Syst\u00e8me solaire<\/p>\n","protected":false},"author":1,"featured_media":0,"parent":0,"menu_order":0,"comment_status":"closed","ping_status":"closed","template":"","meta":{"_mo_disable_npp":"","footnotes":""},"class_list":["post-406","page","type-page","status-publish","hentry"],"_links":{"self":[{"href":"https:\/\/devoirsvt.fabien-nguyen.fr\/index.php?rest_route=\/wp\/v2\/pages\/406","targetHints":{"allow":["GET"]}}],"collection":[{"href":"https:\/\/devoirsvt.fabien-nguyen.fr\/index.php?rest_route=\/wp\/v2\/pages"}],"about":[{"href":"https:\/\/devoirsvt.fabien-nguyen.fr\/index.php?rest_route=\/wp\/v2\/types\/page"}],"author":[{"embeddable":true,"href":"https:\/\/devoirsvt.fabien-nguyen.fr\/index.php?rest_route=\/wp\/v2\/users\/1"}],"replies":[{"embeddable":true,"href":"https:\/\/devoirsvt.fabien-nguyen.fr\/index.php?rest_route=%2Fwp%2Fv2%2Fcomments&post=406"}],"version-history":[{"count":8,"href":"https:\/\/devoirsvt.fabien-nguyen.fr\/index.php?rest_route=\/wp\/v2\/pages\/406\/revisions"}],"predecessor-version":[{"id":2256,"href":"https:\/\/devoirsvt.fabien-nguyen.fr\/index.php?rest_route=\/wp\/v2\/pages\/406\/revisions\/2256"}],"wp:attachment":[{"href":"https:\/\/devoirsvt.fabien-nguyen.fr\/index.php?rest_route=%2Fwp%2Fv2%2Fmedia&parent=406"}],"curies":[{"name":"wp","href":"https:\/\/api.w.org\/{rel}","templated":true}]}}