{"id":536,"date":"2017-08-03T00:43:21","date_gmt":"2017-08-02T22:43:21","guid":{"rendered":"http:\/\/devoirsvt.free.fr\/?page_id=536"},"modified":"2022-08-26T23:06:31","modified_gmt":"2022-08-26T21:06:31","slug":"la-gestion-dune-ressource-naturelle-le-petrole","status":"publish","type":"page","link":"https:\/\/devoirsvt.fabien-nguyen.fr\/?page_id=536","title":{"rendered":"La gestion d&rsquo;une ressource naturelle : le p\u00e9trole"},"content":{"rendered":"<ul>\n<li><a href=\"https:\/\/docs.google.com\/document\/d\/10uD9LP7s7Al2kuGCJWBADKJi8xFblSQzvQDjtBpK5L4\/edit?usp=sharing\" target=\"_blank\" rel=\"noopener noreferrer\">Le cahier-\u00e9l\u00e8ve <img decoding=\"async\" title=\"Le cahier-\u00e9l\u00e8ve\" src=\"wp-content\/uploads\/2017\/06\/matt-icons_accessories-pdf-viewer-300px-300x287.png\" alt=\"Le cahier-\u00e9l\u00e8ve\" style=\"width:40px;\" \/><\/a><\/li>\n<\/ul>\n<h3>Le p\u00e9trole<\/h3>\n<ul>\n<li>Infogaphie sur la formation du p\u00e9trole<br \/><iframe loading=\"lazy\" width=\"560\" height=\"315\" src=\"https:\/\/www.youtube.com\/embed\/6wiZFeTQQMY\" frameborder=\"0\" allow=\"accelerometer; autoplay; encrypted-media; gyroscope; picture-in-picture\" allowfullscreen><\/iframe><\/li>\n<li>Origine et recherche du p\u00e9trole<br \/><iframe loading=\"lazy\" width=\"560\" height=\"315\" src=\"https:\/\/www.youtube.com\/embed\/TCIO38TCspk\" frameborder=\"0\" allowfullscreen><\/iframe><\/li>\n<li>Les usages du p\u00e9trole<br \/><iframe loading=\"lazy\" width=\"560\" height=\"315\" src=\"https:\/\/www.youtube.com\/embed\/kOdMvB7uUVo\" frameborder=\"0\" allow=\"accelerometer; autoplay; encrypted-media; gyroscope; picture-in-picture\" allowfullscreen><\/iframe><\/li>\n<li>La surexploitation des ressources en p\u00e9trole<br \/><iframe loading=\"lazy\" width=\"560\" height=\"315\" src=\"https:\/\/www.youtube.com\/embed\/potbLfQq9JA?start=0&amp;end=434\" frameborder=\"0\" allowfullscreen><\/iframe><\/li>\n<li>Peut-on vraiment se passer du plastique ?<br \/><iframe loading=\"lazy\" width=\"560\" height=\"315\" src=\"https:\/\/www.youtube.com\/embed\/Um3-Pks58PQ\" frameborder=\"0\" allow=\"accelerometer; autoplay; encrypted-media; gyroscope; picture-in-picture\" allowfullscreen><\/iframe><\/li>\n<\/ul>\n<h3>Le gaz de schiste<\/h3>\n<ul>\n<li>Origine et extraction du gaz de schiste<br \/><iframe loading=\"lazy\" width=\"560\" height=\"315\" src=\"https:\/\/www.youtube.com\/embed\/tKjS6k4F0P4\" frameborder=\"0\" allowfullscreen><\/iframe><\/li>\n<\/ul>\n<h3>Les \u00e9nergies renouvelables<\/h3>\n<ul>\n<li>Les diff\u00e9rentes formes d&rsquo;\u00e9nergies renouvelables<br \/><iframe loading=\"lazy\" width=\"560\" height=\"315\" src=\"https:\/\/www.youtube.com\/embed\/7HcS6pPo9aQ\" frameborder=\"0\" allowfullscreen><\/iframe><\/li>\n<li>Chimie verte, des v\u00e9g\u00e9taux pour remplacer le p\u00e9trole<br \/><iframe loading=\"lazy\" width=\"560\" height=\"315\" src=\"https:\/\/www.youtube.com\/embed\/hh5lNGoRFgo\" frameborder=\"0\" allowfullscreen><\/iframe><\/li>\n<\/ul>\n<h3>Production de capsules vid\u00e9o<\/h3>\n<ul>\n<li><a href=\"wp-content\/uploads\/2017\/08\/02.-Consigne-capsules-vid\u00e9o-sur-le-p\u00e9trole.pdf\" target=\"_blank\" rel=\"noopener noreferrer\">Consigne capsules vid\u00e9o sur le p\u00e9trole <img decoding=\"async\" title=\"Consigne pour la r\u00e9alisation des capsules vid\u00e9o sur la gestion de la ressource en p\u00e9trole\" src=\"wp-content\/uploads\/2017\/06\/matt-icons_accessories-pdf-viewer-300px-300x287.png\" alt=\"Consigne pour la r\u00e9alisation des capsules vid\u00e9o sur la gestion de la ressource en p\u00e9trole\" style=\"width:40px;\" \/><\/a><\/li>\n<li><a href=\"wp-content\/uploads\/2017\/07\/Diaporama-type.odp\">Diaporama-type <img decoding=\"async\" title=\"Document LibreOffice Impress\" src=\"wp-content\/uploads\/2017\/07\/Impress-icon.png\" alt=\"Document LibreOffice Impress\" style=\"width:40px;\" \/><\/a>\n<li><a href=\"?page_id=323\">Produire un diaporama avec LibreOffice<sup>TM<\/sup> Impress<\/a><\/li>\n<li><a href=\"?page_id=328\">Enregistrer son \u00e9cran avec CamStudio<sup>TM<\/sup><\/a><\/li>\n<\/ul>\n<h3>R\u00e9aliser une carte mentale avec FraMindMap<\/h3>\n<ul>\n<li><a href=\"https:\/\/framindmap.org\/mindmaps\" target=\"_blank\" rel=\"noopener noreferrer\"><strong>Cr\u00e9er une carte mentale avec FraMindMap<\/strong><\/a><\/li>\n<li>Tutoriel pour cr\u00e9er une carte mentale avec FraMindMap<br \/><iframe loading=\"lazy\" width=\"560\" height=\"315\" src=\"https:\/\/www.youtube.com\/embed\/nuPRRhCAfyo\" frameborder=\"0\" allowfullscreen><\/iframe><\/li>\n<\/ul>\n","protected":false},"excerpt":{"rendered":"<p>Le cahier-\u00e9l\u00e8ve Le p\u00e9trole Infogaphie sur la formation du p\u00e9trole Origine et recherche du p\u00e9trole Les usages du p\u00e9trole La surexploitation des ressources en p\u00e9trole Peut-on vraiment se passer du plastique ? Le gaz de schiste Origine et extraction du gaz de schiste Les \u00e9nergies renouvelables Les diff\u00e9rentes formes d&rsquo;\u00e9nergies renouvelables Chimie verte, des v\u00e9g\u00e9taux [&hellip;]<\/p>\n","protected":false},"author":1,"featured_media":0,"parent":0,"menu_order":0,"comment_status":"closed","ping_status":"closed","template":"","meta":{"_mo_disable_npp":"","footnotes":""},"class_list":["post-536","page","type-page","status-publish","hentry"],"_links":{"self":[{"href":"https:\/\/devoirsvt.fabien-nguyen.fr\/index.php?rest_route=\/wp\/v2\/pages\/536","targetHints":{"allow":["GET"]}}],"collection":[{"href":"https:\/\/devoirsvt.fabien-nguyen.fr\/index.php?rest_route=\/wp\/v2\/pages"}],"about":[{"href":"https:\/\/devoirsvt.fabien-nguyen.fr\/index.php?rest_route=\/wp\/v2\/types\/page"}],"author":[{"embeddable":true,"href":"https:\/\/devoirsvt.fabien-nguyen.fr\/index.php?rest_route=\/wp\/v2\/users\/1"}],"replies":[{"embeddable":true,"href":"https:\/\/devoirsvt.fabien-nguyen.fr\/index.php?rest_route=%2Fwp%2Fv2%2Fcomments&post=536"}],"version-history":[{"count":21,"href":"https:\/\/devoirsvt.fabien-nguyen.fr\/index.php?rest_route=\/wp\/v2\/pages\/536\/revisions"}],"predecessor-version":[{"id":2265,"href":"https:\/\/devoirsvt.fabien-nguyen.fr\/index.php?rest_route=\/wp\/v2\/pages\/536\/revisions\/2265"}],"wp:attachment":[{"href":"https:\/\/devoirsvt.fabien-nguyen.fr\/index.php?rest_route=%2Fwp%2Fv2%2Fmedia&parent=536"}],"curies":[{"name":"wp","href":"https:\/\/api.w.org\/{rel}","templated":true}]}}