{"id":7,"date":"2017-06-15T22:58:46","date_gmt":"2017-06-15T20:58:46","guid":{"rendered":"http:\/\/devoirsvt.free.fr\/?page_id=7"},"modified":"2021-01-28T13:08:26","modified_gmt":"2021-01-28T12:08:26","slug":"accueil","status":"publish","type":"page","link":"https:\/\/devoirsvt.fabien-nguyen.fr\/","title":{"rendered":"Accueil"},"content":{"rendered":"<p><div style=\"height: 400px;\" data-cycle-auto-height=\"container\" class=\"custom-banners-cycle-slideshow cycle-slideshow custom-b-857784197 custom-banners-cycle-slideshow-theme-standard custom-banners-cycle-slideshow-standard-white\" data-cycle-fx=\"fade\" data-cycle-timeout=\"4000\" data-cycle-pause-on-hover=\"true\" data-cycle-slides=\"&gt; div.banner_wrapper\" data-cycle-paused=\"\" data-cycle-prev=\".custom-b-857784197 .custom-b-cycle-prev\" data-cycle-next=\".custom-b-857784197 .custom-b-cycle-next\"><div class=\"banner_wrapper\" style=\"height: 400px;\"><div class=\"banner  banner-2392 bottom vert custom-banners-theme-standard custom-banners-theme-standard-white\" style=\"width: auto; height: auto;\"><img loading=\"lazy\" decoding=\"async\" width=\"1225\" height=\"690\" src=\"https:\/\/devoirsvt.fabien-nguyen.fr\/wp-content\/uploads\/2024\/01\/Phagocytose-3D.jpg\" class=\"attachment-full size-full\" alt=\"Animation 3D de la phagocytose\" style=\"height: 400px;\" srcset=\"https:\/\/devoirsvt.fabien-nguyen.fr\/wp-content\/uploads\/2024\/01\/Phagocytose-3D.jpg 1225w, https:\/\/devoirsvt.fabien-nguyen.fr\/wp-content\/uploads\/2024\/01\/Phagocytose-3D-300x169.jpg 300w, https:\/\/devoirsvt.fabien-nguyen.fr\/wp-content\/uploads\/2024\/01\/Phagocytose-3D-1024x577.jpg 1024w, https:\/\/devoirsvt.fabien-nguyen.fr\/wp-content\/uploads\/2024\/01\/Phagocytose-3D-768x433.jpg 768w\" sizes=\"auto, (max-width: 1225px) 100vw, 1225px\" \/><a class=\"custom_banners_big_link\"  href=\"?page_id=921\"><\/a><div class=\"banner_caption\" style=\"\"><div class=\"banner_caption_inner\"><div class=\"banner_caption_text\" style=\"\">Animation 3D de la phagocytose de bact\u00e9ries !<\/div><\/div><\/div><\/div><\/div><div class=\"banner_wrapper\" style=\"display:none; height: 400px;\"><div class=\"banner  banner-2220 bottom vert custom-banners-theme-standard custom-banners-theme-standard-white\" style=\"width: auto; height: auto;\"><img loading=\"lazy\" decoding=\"async\" width=\"1108\" height=\"623\" src=\"https:\/\/devoirsvt.fabien-nguyen.fr\/wp-content\/uploads\/2021\/08\/villes_fours.jpg\" class=\"attachment-full size-full\" alt=\"\" style=\"height: 400px;\" srcset=\"https:\/\/devoirsvt.fabien-nguyen.fr\/wp-content\/uploads\/2021\/08\/villes_fours.jpg 1108w, https:\/\/devoirsvt.fabien-nguyen.fr\/wp-content\/uploads\/2021\/08\/villes_fours-300x169.jpg 300w, https:\/\/devoirsvt.fabien-nguyen.fr\/wp-content\/uploads\/2021\/08\/villes_fours-1024x576.jpg 1024w, https:\/\/devoirsvt.fabien-nguyen.fr\/wp-content\/uploads\/2021\/08\/villes_fours-768x432.jpg 768w\" sizes=\"auto, (max-width: 1108px) 100vw, 1108px\" \/><a class=\"custom_banners_big_link\"  href=\"http:\/\/devoirsvt.free.fr\/?page_id=521\"><\/a><div class=\"banner_caption\" style=\"\"><div class=\"banner_caption_inner\"><div class=\"banner_caption_text\" style=\"\">Une nouvelle vid\u00e9o sur l'int\u00e9r\u00eat des plantes pour diminuer la chaleur en ville !\r\n<\/div><\/div><\/div><\/div><\/div><div class=\"banner_wrapper\" style=\"display:none; height: 400px;\"><div class=\"banner  banner-2153 bottom vert custom-banners-theme-standard custom-banners-theme-standard-white\" style=\"width: auto; height: auto;\"><img loading=\"lazy\" decoding=\"async\" width=\"1889\" height=\"965\" src=\"https:\/\/devoirsvt.fabien-nguyen.fr\/wp-content\/uploads\/2020\/04\/Classe-invers\u00e9e-p\u00e9dagogies-actives.jpg\" class=\"attachment-full size-full\" alt=\"La classe invers\u00e9e : un compl\u00e9ment \u00e0 des p\u00e9dagogies actives\" style=\"height: 400px;\" srcset=\"https:\/\/devoirsvt.fabien-nguyen.fr\/wp-content\/uploads\/2020\/04\/Classe-invers\u00e9e-p\u00e9dagogies-actives.jpg 1889w, https:\/\/devoirsvt.fabien-nguyen.fr\/wp-content\/uploads\/2020\/04\/Classe-invers\u00e9e-p\u00e9dagogies-actives-300x153.jpg 300w, https:\/\/devoirsvt.fabien-nguyen.fr\/wp-content\/uploads\/2020\/04\/Classe-invers\u00e9e-p\u00e9dagogies-actives-1024x523.jpg 1024w, https:\/\/devoirsvt.fabien-nguyen.fr\/wp-content\/uploads\/2020\/04\/Classe-invers\u00e9e-p\u00e9dagogies-actives-768x392.jpg 768w, https:\/\/devoirsvt.fabien-nguyen.fr\/wp-content\/uploads\/2020\/04\/Classe-invers\u00e9e-p\u00e9dagogies-actives-1536x785.jpg 1536w\" sizes=\"auto, (max-width: 1889px) 100vw, 1889px\" \/><a class=\"custom_banners_big_link\"  href=\"?p=1947\"><\/a><div class=\"banner_caption\" style=\"\"><div class=\"banner_caption_inner\"><div class=\"banner_caption_text\" style=\"\">Cet article d\u00e9crit activit\u00e9s de classe invers\u00e9e en SVT, de la pr\u00e9paration d'un TP \u00e0 la cr\u00e9ation d'une capsule vid\u00e9o sur une nouvelle le\u00e7on, ainsi que des propositions de classe invers\u00e9e pendant le confinement !<\/div><\/div><\/div><\/div><\/div><div class=\"banner_wrapper\" style=\"display:none; height: 400px;\"><div class=\"banner  banner-2211 bottom vert custom-banners-theme-standard custom-banners-theme-standard-white\" style=\"width: auto; height: auto;\"><img loading=\"lazy\" decoding=\"async\" width=\"1120\" height=\"630\" src=\"https:\/\/devoirsvt.fabien-nguyen.fr\/wp-content\/uploads\/2021\/03\/paxi_systeme_solaire.jpg\" class=\"attachment-full size-full\" alt=\"Paxi dans le Syst\u00e8me solaire\" style=\"height: 400px;\" srcset=\"https:\/\/devoirsvt.fabien-nguyen.fr\/wp-content\/uploads\/2021\/03\/paxi_systeme_solaire.jpg 1120w, https:\/\/devoirsvt.fabien-nguyen.fr\/wp-content\/uploads\/2021\/03\/paxi_systeme_solaire-300x169.jpg 300w, https:\/\/devoirsvt.fabien-nguyen.fr\/wp-content\/uploads\/2021\/03\/paxi_systeme_solaire-1024x576.jpg 1024w, https:\/\/devoirsvt.fabien-nguyen.fr\/wp-content\/uploads\/2021\/03\/paxi_systeme_solaire-768x432.jpg 768w\" sizes=\"auto, (max-width: 1120px) 100vw, 1120px\" \/><a class=\"custom_banners_big_link\"  href=\"http:\/\/devoirsvt.free.fr\/?page_id=216\"><\/a><div class=\"banner_caption\" style=\"\"><div class=\"banner_caption_inner\"><div class=\"banner_caption_text\" style=\"\">Cette vid\u00e9o de l'agence Spatiale europ\u00e9enne (ESA) d\u00e9crit le mouvement des astres dans le Syst\u00e8me solaire !<\/div><\/div><\/div><\/div><\/div><div class=\"banner_wrapper\" style=\"display:none; height: 400px;\"><div class=\"banner  banner-2399 bottom vert custom-banners-theme-standard custom-banners-theme-standard-white\" style=\"width: auto; height: auto;\"><img loading=\"lazy\" decoding=\"async\" width=\"1235\" height=\"612\" src=\"https:\/\/devoirsvt.fabien-nguyen.fr\/wp-content\/uploads\/2024\/02\/2024_dinosaures_taille.jpg\" class=\"attachment-full size-full\" alt=\"Comparaison des tailles de dinosaures\" style=\"height: 400px;\" srcset=\"https:\/\/devoirsvt.fabien-nguyen.fr\/wp-content\/uploads\/2024\/02\/2024_dinosaures_taille.jpg 1235w, https:\/\/devoirsvt.fabien-nguyen.fr\/wp-content\/uploads\/2024\/02\/2024_dinosaures_taille-300x149.jpg 300w, https:\/\/devoirsvt.fabien-nguyen.fr\/wp-content\/uploads\/2024\/02\/2024_dinosaures_taille-1024x507.jpg 1024w, https:\/\/devoirsvt.fabien-nguyen.fr\/wp-content\/uploads\/2024\/02\/2024_dinosaures_taille-768x381.jpg 768w\" sizes=\"auto, (max-width: 1235px) 100vw, 1235px\" \/><a class=\"custom_banners_big_link\"  href=\"?page_id=118\"><\/a><div class=\"banner_caption\" style=\"\"><div class=\"banner_caption_inner\"><div class=\"banner_caption_text\" style=\"\">Vid\u00e9o disponible dans le cours de 6e \u00ab <a href=\"?page_id=118\">\u00c9cosyst\u00e8me : structure, fonctionnement et dynamique<\/a> \u00bb !<\/div><\/div><\/div><\/div><\/div><div class=\"banner_wrapper\" style=\"display:none; height: 400px;\"><div class=\"banner  banner-2204 bottom vert custom-banners-theme-standard custom-banners-theme-standard-white\" style=\"width: auto; height: auto;\"><img loading=\"lazy\" decoding=\"async\" width=\"1613\" height=\"1029\" src=\"https:\/\/devoirsvt.fabien-nguyen.fr\/wp-content\/uploads\/2021\/02\/SVT_6e_mouvements.jpg\" class=\"attachment-full size-full\" alt=\"6e - Les mouvements\" style=\"height: 400px;\" srcset=\"https:\/\/devoirsvt.fabien-nguyen.fr\/wp-content\/uploads\/2021\/02\/SVT_6e_mouvements.jpg 1613w, https:\/\/devoirsvt.fabien-nguyen.fr\/wp-content\/uploads\/2021\/02\/SVT_6e_mouvements-300x191.jpg 300w, https:\/\/devoirsvt.fabien-nguyen.fr\/wp-content\/uploads\/2021\/02\/SVT_6e_mouvements-1024x653.jpg 1024w, https:\/\/devoirsvt.fabien-nguyen.fr\/wp-content\/uploads\/2021\/02\/SVT_6e_mouvements-768x490.jpg 768w, https:\/\/devoirsvt.fabien-nguyen.fr\/wp-content\/uploads\/2021\/02\/SVT_6e_mouvements-1536x980.jpg 1536w\" sizes=\"auto, (max-width: 1613px) 100vw, 1613px\" \/><a class=\"custom_banners_big_link\"  href=\"http:\/\/devoirsvt.free.fr\/?page_id=261\"><\/a><div class=\"banner_caption\" style=\"\"><div class=\"banner_caption_inner\"><div class=\"banner_caption_text\" style=\"\">Pour les professeurs qui enseignent l'#EIS au #cycle3, mon cours sur les #mouvements lin\u00e9aire et circulaire est disponible dans l'Espace Enseignants, ainsi que la programmation et le cahier-\u00e9l\u00e8ve complet.\r\nBonne visite !\r\n#PC #SVT<\/div><\/div><\/div><\/div><\/div><div class=\"custom-b-cycle-controls custom-banners-controls-theme-standard custom-banners-controls-theme-standard-white\"><div class=\"custom-b-cycle-prev\">&lt;&lt;<\/div><div class=\"custom-b-cycle-next\">&gt;&gt;<\/div><\/div><\/div><!-- end slideshow -->Bonjour \u00e0 tous !<\/p>\n<p>Ce site est d\u00e9di\u00e9 \u00e0 l&rsquo;enseignement des sciences de le vie et de la Terre !<br \/>\nVous y trouverez les documents num\u00e9riques utilis\u00e9s pour mes cours, ainsi que les cahiers-\u00e9l\u00e8ves pour pouvoir v\u00e9rifier que tout a bien \u00e9t\u00e9 not\u00e9 ou rattraper les cours en cas d&rsquo;absence !<\/p>\n<p>Pour les enseignants, l&rsquo;<b>Espace enseignants<\/b> propose les programmations de chaque cours et les cahiers-\u00e9l\u00e8ves comment\u00e9s. C&rsquo;est donc un outil de formation pour les enseignants en qu\u00eate d&rsquo;id\u00e9es et de nouvelles approches !<br \/>\nEn effet, le num\u00e9rique et les pratiques exp\u00e9rimentales sont \u00e0 l&rsquo;honneur dans ces cours, avec de nombreuses situations de <b>classe invers\u00e9e<\/b>, de <b>t\u00e2ches complexes<\/b>, de <b>travaux collectifs<\/b> et de <b>productions de capsules vid\u00e9o<\/b>.<br \/>\nL&rsquo;\u00e9valuation des \u00e9l\u00e8ves n&rsquo;est pas oubli\u00e9e, avec l&rsquo;omnipr\u00e9sence de l&rsquo;<b>\u00e9valuation par curseur<\/b>, qui permet d&rsquo;\u00e9valuer chaque groupe d&rsquo;\u00e9l\u00e8ves sur des comp\u00e9tences scientifiques, mais \u00e9galement des <b>comp\u00e9tences transversales<\/b> et des <b>m\u00e9ta-comp\u00e9tences<\/b>.<\/p>\n<p>Bonne visite !<\/p>\n<p align=\"right\">Fabien Nguyen<\/p>\n<ul>\n<li><a href=\"https:\/\/acamedia.ac-nice.fr\/v2\/user\/G.Sand\" target=\"_blank\" rel=\"noopener noreferrer\"><img decoding=\"async\" src=\"https:\/\/acamedia.ac-nice.fr\/v2\/styles\/cb_28\/theme\/images\/logo.png\" alt=\"Acamedia Nice\" title=\"Acamedia Nice\"> La chaine vid\u00e9o du coll\u00e8ge George-Sand de Toulon<\/a>\n<li><a href=\"https:\/\/acamedia.ac-nice.fr\/v2\/user\/Clg-Reinhardt\" target=\"_blank\" rel=\"noopener noreferrer\"><img decoding=\"async\" src=\"https:\/\/acamedia.ac-nice.fr\/v2\/styles\/cb_28\/theme\/images\/logo.png\" alt=\"Acamedia Nice\" title=\"Acamedia Nice\"> La chaine vid\u00e9o du coll\u00e8ge Django-Reinhardt de Toulon<\/a>\n<\/ul>\n","protected":false},"excerpt":{"rendered":"<p>Bonjour \u00e0 tous ! Ce site est d\u00e9di\u00e9 \u00e0 l&rsquo;enseignement des sciences de le vie et de la Terre ! Vous y trouverez les documents num\u00e9riques utilis\u00e9s pour mes cours, ainsi que les cahiers-\u00e9l\u00e8ves pour pouvoir v\u00e9rifier que tout a bien \u00e9t\u00e9 not\u00e9 ou rattraper les cours en cas d&rsquo;absence ! Pour les enseignants, l&rsquo;Espace [&hellip;]<\/p>\n","protected":false},"author":1,"featured_media":79,"parent":0,"menu_order":0,"comment_status":"closed","ping_status":"closed","template":"","meta":{"_mo_disable_npp":"","footnotes":""},"class_list":["post-7","page","type-page","status-publish","has-post-thumbnail","hentry"],"_links":{"self":[{"href":"https:\/\/devoirsvt.fabien-nguyen.fr\/index.php?rest_route=\/wp\/v2\/pages\/7","targetHints":{"allow":["GET"]}}],"collection":[{"href":"https:\/\/devoirsvt.fabien-nguyen.fr\/index.php?rest_route=\/wp\/v2\/pages"}],"about":[{"href":"https:\/\/devoirsvt.fabien-nguyen.fr\/index.php?rest_route=\/wp\/v2\/types\/page"}],"author":[{"embeddable":true,"href":"https:\/\/devoirsvt.fabien-nguyen.fr\/index.php?rest_route=\/wp\/v2\/users\/1"}],"replies":[{"embeddable":true,"href":"https:\/\/devoirsvt.fabien-nguyen.fr\/index.php?rest_route=%2Fwp%2Fv2%2Fcomments&post=7"}],"version-history":[{"count":10,"href":"https:\/\/devoirsvt.fabien-nguyen.fr\/index.php?rest_route=\/wp\/v2\/pages\/7\/revisions"}],"predecessor-version":[{"id":2200,"href":"https:\/\/devoirsvt.fabien-nguyen.fr\/index.php?rest_route=\/wp\/v2\/pages\/7\/revisions\/2200"}],"wp:featuredmedia":[{"embeddable":true,"href":"https:\/\/devoirsvt.fabien-nguyen.fr\/index.php?rest_route=\/wp\/v2\/media\/79"}],"wp:attachment":[{"href":"https:\/\/devoirsvt.fabien-nguyen.fr\/index.php?rest_route=%2Fwp%2Fv2%2Fmedia&parent=7"}],"curies":[{"name":"wp","href":"https:\/\/api.w.org\/{rel}","templated":true}]}}