{"id":734,"date":"2017-10-18T21:46:45","date_gmt":"2017-10-18T19:46:45","guid":{"rendered":"http:\/\/devoirsvt.free.fr\/?page_id=734"},"modified":"2022-08-26T23:10:46","modified_gmt":"2022-08-26T21:10:46","slug":"les-cellules-ont-besoin-de-se-nourrir-2","status":"publish","type":"page","link":"https:\/\/devoirsvt.fabien-nguyen.fr\/?page_id=734","title":{"rendered":"Les cellules ont besoin de se nourrir"},"content":{"rendered":"<ul>\n<li><a href=\"https:\/\/docs.google.com\/document\/d\/1TCXJK7bQVTyh8NuA6ApLnRAGkUB5aepPZR-p5DmMy5Q\/edit?usp=sharing\" target=\"_blank\" rel=\"noopener\">Le cahier-\u00e9l\u00e8ve <img decoding=\"async\" title=\"Le cahier-\u00e9l\u00e8ve\" src=\"wp-content\/uploads\/2017\/06\/matt-icons_accessories-pdf-viewer-300px-300x287.png\" alt=\"Le cahier-\u00e9l\u00e8ve\" style=\"width:40px;\" \/><\/a><\/li>\n<\/ul>\n<h3>Les cellules consomment des nutriments<\/h3>\n<ul>\n<li><a href=\"https:\/\/commons.wikimedia.org\/wiki\/File:Aponeurosis_fibra_muscular.JPG\" target=\"_blank\" rel=\"noopener\">Myocytes<br \/><img decoding=\"async\" src=\"https:\/\/upload.wikimedia.org\/wikipedia\/commons\/thumb\/3\/3d\/Aponeurosis_fibra_muscular.JPG\/800px-Aponeurosis_fibra_muscular.JPG\" style=\"width:600px;\"><\/a><br \/>\u00a9 Gan\u00edmedes &#8211; Licence CC-BY-SA 3.0<\/li>\n<li><div id=\"attachment_741\" style=\"width: 1034px\" class=\"wp-caption alignnone\"><img loading=\"lazy\" decoding=\"async\" aria-describedby=\"caption-attachment-741\" src=\"wp-content\/uploads\/2017\/10\/Dessins-cellules-musculaires-1024x355.jpg\" alt=\"Dessins cellules musculaires\" width=\"1024\" height=\"355\" class=\"size-large wp-image-741\" srcset=\"https:\/\/devoirsvt.fabien-nguyen.fr\/wp-content\/uploads\/2017\/10\/Dessins-cellules-musculaires-1024x355.jpg 1024w, https:\/\/devoirsvt.fabien-nguyen.fr\/wp-content\/uploads\/2017\/10\/Dessins-cellules-musculaires-300x104.jpg 300w, https:\/\/devoirsvt.fabien-nguyen.fr\/wp-content\/uploads\/2017\/10\/Dessins-cellules-musculaires-768x266.jpg 768w, https:\/\/devoirsvt.fabien-nguyen.fr\/wp-content\/uploads\/2017\/10\/Dessins-cellules-musculaires.jpg 1548w\" sizes=\"auto, (max-width: 1024px) 100vw, 1024px\" \/><p id=\"caption-attachment-741\" class=\"wp-caption-text\">Dessins de cellules musculaires avec des marqueurs de glycog\u00e8ne<\/p><\/div><\/li>\n<\/ul>\n<h3>La circulation sanguine<\/h3>\n<ul>\n<li>La circulation sanguine<br \/><iframe loading=\"lazy\" src=\"http:\/\/www.reseau-canope.fr\/corpus\/embed\/coeur-et-vaisseaux-50.html\" width=\"640\" height=\"360\" frameborder=\"0\"><\/iframe><\/li>\n<li><a href=\"https:\/\/sketchfab.com\/models\/464bef3ed2af444e8255059b9e07dcef\" target=\"_blank\" rel=\"noopener\">Le c\u0153ur en fonctionnement <img loading=\"lazy\" decoding=\"async\" src=\"wp-content\/uploads\/2017\/10\/Sketchfab-coeur-300x219.jpg\" alt=\"Animation Sketchfab sur le c\u0153ur\" title=\"Animation Sketchfab sur le c\u0153ur\" width=\"300\" height=\"219\" \/><\/a><\/li>\n<li><b><a href=\"http:\/\/www.biologieenflash.net\/animation.php?ref=bio-0009-3\" target=\"_blank\" rel=\"noopener\">Animation de la circulation sanguine<\/b> <img loading=\"lazy\" decoding=\"async\" src=\"wp-content\/uploads\/2017\/10\/Circulation-sanguine-BF-300x276.jpg\" alt=\"Animation de la circulation sanguine\" title=\"Animation de la circulation sanguine\" width=\"300\" height=\"276\" \/><\/a>\n<\/ul>\n<h3>La circulation s\u00e8veuse<\/h3>\n<ul>\n<li>Le m\u00e9canisme de circulation de la s\u00e8ve<br \/><iframe loading=\"lazy\" width=\"560\" height=\"315\" src=\"https:\/\/www.youtube.com\/embed\/-C5fT6XU23Y?rel=0\" frameborder=\"0\" allowfullscreen><\/iframe><\/li>\n<li>Des chloroplastes dans des cellules v\u00e9g\u00e9tales \u00e0 la lumi\u00e8re<br \/><div id=\"attachment_863\" style=\"width: 410px\" class=\"wp-caption alignnone\"><img decoding=\"async\" aria-describedby=\"caption-attachment-863\" src=\"wp-content\/uploads\/2017\/08\/Plagiomnium_affine_laminazellen.jpeg\" alt=\"Chloroplastes dans des cellules v\u00e9g\u00e9tales\" style=\"width:400px;\"\/><p id=\"caption-attachment-863\" class=\"wp-caption-text\"><a href=\"https:\/\/commons.wikimedia.org\/wiki\/File:Plagiomnium_affine_laminazellen.jpeg\" target=\"_blank\" rel=\"noopener\">Plagiomnium affine, Laminazellen, Rostock \u00a9 Kristian Peters &#8211; Licence CC-BY-SA 3.0 &#8211; Wikimedia Commons<\/a><\/p><\/div>\n<li>Des chloroplastes de cellules expos\u00e9es \u00e0 la lumi\u00e8re et trait\u00e9s \u00e0 l&rsquo;eau iod\u00e9e (lugol)<br \/>\n<div id=\"attachment_878\" style=\"width: 655px\" class=\"wp-caption alignnone\"><img loading=\"lazy\" decoding=\"async\" aria-describedby=\"caption-attachment-878\" src=\"wp-content\/uploads\/2017\/11\/Chloroplastes-et-lugol.jpg\" alt=\"Chloroplastes et lugol\" width=\"645\" height=\"457\" class=\"size-full wp-image-878\" srcset=\"https:\/\/devoirsvt.fabien-nguyen.fr\/wp-content\/uploads\/2017\/11\/Chloroplastes-et-lugol.jpg 645w, https:\/\/devoirsvt.fabien-nguyen.fr\/wp-content\/uploads\/2017\/11\/Chloroplastes-et-lugol-300x213.jpg 300w\" sizes=\"auto, (max-width: 645px) 100vw, 645px\" \/><p id=\"caption-attachment-878\" class=\"wp-caption-text\">\u00a9 <a href=\"http:\/\/jean-jacques.auclair.pagesperso-orange.fr\/funaria\/aveclugol.htm\" target=\"_blank\" rel=\"noopener\">Jean-Jacques Auclair<\/a><\/p><\/div>\n<\/ul>\n<h3>L&rsquo;\u00e9piderme des v\u00e9g\u00e9taux et la nutrition des cellules<\/h3>\n<ul>\n<li>Observation de cellules d&rsquo;\u00e9piderme de plante<br \/><iframe loading=\"lazy\" width=\"560\" height=\"315\" src=\"https:\/\/www.youtube.com\/embed\/j0deRna0t9M\" frameborder=\"0\" allowfullscreen><\/iframe><\/li>\n<li>Observation de stomates<br \/><iframe loading=\"lazy\" width=\"560\" height=\"315\" src=\"https:\/\/www.youtube.com\/embed\/jvRpXLrsjJc?rel=0\" frameborder=\"0\" allowfullscreen><\/iframe><\/li>\n<\/ul>\n","protected":false},"excerpt":{"rendered":"<p>Le cahier-\u00e9l\u00e8ve Les cellules consomment des nutriments Myocytes\u00a9 Gan\u00edmedes &#8211; Licence CC-BY-SA 3.0 La circulation sanguine La circulation sanguine Le c\u0153ur en fonctionnement Animation de la circulation sanguine La circulation s\u00e8veuse Le m\u00e9canisme de circulation de la s\u00e8ve Des chloroplastes dans des cellules v\u00e9g\u00e9tales \u00e0 la lumi\u00e8re Des chloroplastes de cellules expos\u00e9es \u00e0 la lumi\u00e8re [&hellip;]<\/p>\n","protected":false},"author":1,"featured_media":0,"parent":0,"menu_order":0,"comment_status":"closed","ping_status":"closed","template":"","meta":{"_mo_disable_npp":"","footnotes":""},"class_list":["post-734","page","type-page","status-publish","hentry"],"_links":{"self":[{"href":"https:\/\/devoirsvt.fabien-nguyen.fr\/index.php?rest_route=\/wp\/v2\/pages\/734","targetHints":{"allow":["GET"]}}],"collection":[{"href":"https:\/\/devoirsvt.fabien-nguyen.fr\/index.php?rest_route=\/wp\/v2\/pages"}],"about":[{"href":"https:\/\/devoirsvt.fabien-nguyen.fr\/index.php?rest_route=\/wp\/v2\/types\/page"}],"author":[{"embeddable":true,"href":"https:\/\/devoirsvt.fabien-nguyen.fr\/index.php?rest_route=\/wp\/v2\/users\/1"}],"replies":[{"embeddable":true,"href":"https:\/\/devoirsvt.fabien-nguyen.fr\/index.php?rest_route=%2Fwp%2Fv2%2Fcomments&post=734"}],"version-history":[{"count":19,"href":"https:\/\/devoirsvt.fabien-nguyen.fr\/index.php?rest_route=\/wp\/v2\/pages\/734\/revisions"}],"predecessor-version":[{"id":2279,"href":"https:\/\/devoirsvt.fabien-nguyen.fr\/index.php?rest_route=\/wp\/v2\/pages\/734\/revisions\/2279"}],"wp:attachment":[{"href":"https:\/\/devoirsvt.fabien-nguyen.fr\/index.php?rest_route=%2Fwp%2Fv2%2Fmedia&parent=734"}],"curies":[{"name":"wp","href":"https:\/\/api.w.org\/{rel}","templated":true}]}}