{"id":938,"date":"2018-01-29T01:19:18","date_gmt":"2018-01-29T00:19:18","guid":{"rendered":"http:\/\/devoirsvt.free.fr\/?page_id=938"},"modified":"2022-08-26T23:12:05","modified_gmt":"2022-08-26T21:12:05","slug":"les-defenses-de-lorganisme-les-lymphocytes-b-et-la-vaccination","status":"publish","type":"page","link":"https:\/\/devoirsvt.fabien-nguyen.fr\/?page_id=938","title":{"rendered":"Les d\u00e9fenses de l&rsquo;organisme : les lymphocytes B, les anticorps et la vaccination"},"content":{"rendered":"<ul>\n<li><a href=\"https:\/\/docs.google.com\/document\/d\/1w8eTXWfuw3ll3AxpST8BhfF8nNqvCj_3qOzTh4115vs\/edit?usp=sharing\" target=\"_blank\" rel=\"noopener noreferrer\">Le cahier-\u00e9l\u00e8ve <img decoding=\"async\" title=\"Le cahier-\u00e9l\u00e8ve\" src=\"wp-content\/uploads\/2017\/06\/matt-icons_accessories-pdf-viewer-300px-300x287.png\" alt=\"Le cahier-\u00e9l\u00e8ve\" style=\"width:40px;\" \/><\/a><\/li>\n<\/ul>\n<h3>Rappels sur l&rsquo;immunit\u00e9<\/h3>\n<ul>\n<li>Les bact\u00e9ries<br \/><iframe loading=\"lazy\" width=\"560\" height=\"315\" src=\"https:\/\/www.youtube.com\/embed\/PsDPfiDjFkU?start=103&amp;end=219\" frameborder=\"0\" allow=\"autoplay; encrypted-media\" allowfullscreen><\/iframe><\/li>\n<li>Les virus<br \/><iframe loading=\"lazy\" width=\"560\" height=\"315\" src=\"https:\/\/www.youtube.com\/embed\/PsDPfiDjFkU?start=220&amp;end=261\" frameborder=\"0\" allow=\"autoplay; encrypted-media\" allowfullscreen><\/iframe><\/li>\n<li>Les bact\u00e9ries inoffensives et dangereuses<br \/><iframe loading=\"lazy\" width=\"560\" height=\"315\" src=\"https:\/\/www.youtube.com\/embed\/PsDPfiDjFkU?start=263&amp;end=390\" frameborder=\"0\" allow=\"autoplay; encrypted-media\" allowfullscreen><\/iframe><\/li>\n<li>Les antibiotiques et la r\u00e9sistance des bact\u00e9ries<br \/><iframe loading=\"lazy\" width=\"560\" height=\"315\" src=\"https:\/\/www.youtube.com\/embed\/PsDPfiDjFkU?start=519&amp;end=1530\" frameborder=\"0\" allow=\"autoplay; encrypted-media\" allowfullscreen><\/iframe><\/li>\n<\/ul>\n<h3>Rappels sur l&rsquo;inflammation et la phagocytose<\/h3>\n<ul>\n<li>La phagocytose par des macrophages<br \/><embed src=\"https:\/\/upload.wikimedia.org\/wikipedia\/commons\/1\/14\/Stage-Specific-Assessment-of-Candida-albicans-Phagocytosis-by-Macrophages-Identifies-Cell-Wall-ppat.1002578.s002.ogv\" width=\"480\" height=\"320\" frameborder=\"0\" allow=\"autoplay; encrypted-media\" allowfullscreen><\/embed><br \/>\u00a9 Lewis L., Bain J., Lowes C., Gillespie C., Rudkin F., Gow N., Erwig L. &#8211; Licence CC-BY-SA 2.5 &#8211; <a href=\"https:\/\/commons.wikimedia.org\/wiki\/File:Stage-Specific-Assessment-of-Candida-albicans-Phagocytosis-by-Macrophages-Identifies-Cell-Wall-ppat.1002578.s002.ogv\" target=\"_blank\" rel=\"noopener noreferrer\">Wikimedia Commons<\/a><\/li>\n<li>La r\u00e9action inflammatoire<br \/><iframe loading=\"lazy\" src=\"\/\/www.reseau-canope.fr\/corpus\/embed\/la-reaction-inflammatoire-45.html\" width=\"640\" height=\"360\" frameborder=\"0\"><\/iframe><\/li>\n<\/ul>\n<h3>Rappels sur la cytolyse par les lymphocytes T cytotoxiques (LTc)<\/h3>\n<ul>\n<li>L&rsquo;immunit\u00e9 adaptative ou sp\u00e9cifique<br \/><iframe loading=\"lazy\" src=\"\/\/www.reseau-canope.fr\/corpus\/embed\/l-immunite-adaptative-43.html\" width=\"640\" height=\"360\" frameborder=\"0\"><\/iframe><\/li>\n<\/ul>\n<h3>Les lymphocytes B, les anticorps et la vaccination<\/h3>\n<ul>\n<li>Pourquoi se vacciner ?<br \/><iframe loading=\"lazy\" src=\"\/\/www.reseau-canope.fr\/corpus\/embed\/la-vaccination-75.html\" width=\"640\" height=\"360\" frameborder=\"0\"><\/iframe><\/li>\n<li><div id=\"attachment_956\" style=\"width: 610px\" class=\"wp-caption alignnone\"><img loading=\"lazy\" decoding=\"async\" aria-describedby=\"caption-attachment-956\" src=\"wp-content\/uploads\/2018\/02\/debut_de_la_campagne_de_vaccination_63060_hd.jpg\" alt=\"D\u00e9but de la campagne de vaccination 2017-2018\" width=\"1063\" height=\"1181\" class=\"size-full wp-image-956\" srcset=\"https:\/\/devoirsvt.fabien-nguyen.fr\/wp-content\/uploads\/2018\/02\/debut_de_la_campagne_de_vaccination_63060_hd.jpg 1063w, https:\/\/devoirsvt.fabien-nguyen.fr\/wp-content\/uploads\/2018\/02\/debut_de_la_campagne_de_vaccination_63060_hd-270x300.jpg 270w, https:\/\/devoirsvt.fabien-nguyen.fr\/wp-content\/uploads\/2018\/02\/debut_de_la_campagne_de_vaccination_63060_hd-768x853.jpg 768w, https:\/\/devoirsvt.fabien-nguyen.fr\/wp-content\/uploads\/2018\/02\/debut_de_la_campagne_de_vaccination_63060_hd-922x1024.jpg 922w\" sizes=\"auto, (max-width: 1063px) 100vw, 1063px\" \/><p id=\"caption-attachment-956\" class=\"wp-caption-text\">\u00ab\u00a0[INFOGRAPHIE] La campagne de vaccination contre la grippe d\u00e9bute aujourd\u2019hui\u00a0\u00bb, <i><a href=\"http:\/\/www.valeursactuelles.com\/societe\/infographie-la-campagne-de-vaccination-contre-la-grippe-debute-aujourdhui-89437\" target=\"_blank\" rel=\"noopener noreferrer\">Valeurs actuelles<\/a><\/i>, Vendredi 6 octobre 2017 \u00e0 15:44<\/p><\/div><\/li>\n<li>La m\u00e9moire immunitaire et la vaccination<br \/><iframe loading=\"lazy\" src=\"\/\/www.reseau-canope.fr\/corpus\/embed\/la-memoire-immunitaire-44.html\" width=\"640\" height=\"360\" frameborder=\"0\"><\/iframe><\/li>\n<\/ul>\n<h3>Les lymphocytes B, les anticorps et la vaccination<\/h3>\n<ul>\n<li>Synth\u00e8se sur les d\u00e9fenses de l&rsquo;organisme<br \/>\n<iframe loading=\"lazy\" width=\"560\" height=\"315\" src=\"https:\/\/www.youtube.com\/embed\/vfHMGPbbxvs\" frameborder=\"0\" allow=\"accelerometer; autoplay; encrypted-media; gyroscope; picture-in-picture\" allowfullscreen><\/iframe><\/li>\n<li><iframe loading=\"lazy\" width=\"560\" height=\"315\" src=\"https:\/\/www.youtube.com\/embed\/CjaP_yMSkuE\" frameborder=\"0\" allow=\"accelerometer; autoplay; encrypted-media; gyroscope; picture-in-picture\" allowfullscreen><\/iframe><\/li>\n<\/ul>\n","protected":false},"excerpt":{"rendered":"<p>Le cahier-\u00e9l\u00e8ve Rappels sur l&rsquo;immunit\u00e9 Les bact\u00e9ries Les virus Les bact\u00e9ries inoffensives et dangereuses Les antibiotiques et la r\u00e9sistance des bact\u00e9ries Rappels sur l&rsquo;inflammation et la phagocytose La phagocytose par des macrophages\u00a9 Lewis L., Bain J., Lowes C., Gillespie C., Rudkin F., Gow N., Erwig L. &#8211; Licence CC-BY-SA 2.5 &#8211; Wikimedia Commons La r\u00e9action [&hellip;]<\/p>\n","protected":false},"author":1,"featured_media":0,"parent":0,"menu_order":0,"comment_status":"closed","ping_status":"closed","template":"","meta":{"_mo_disable_npp":"","footnotes":""},"class_list":["post-938","page","type-page","status-publish","hentry"],"_links":{"self":[{"href":"https:\/\/devoirsvt.fabien-nguyen.fr\/index.php?rest_route=\/wp\/v2\/pages\/938","targetHints":{"allow":["GET"]}}],"collection":[{"href":"https:\/\/devoirsvt.fabien-nguyen.fr\/index.php?rest_route=\/wp\/v2\/pages"}],"about":[{"href":"https:\/\/devoirsvt.fabien-nguyen.fr\/index.php?rest_route=\/wp\/v2\/types\/page"}],"author":[{"embeddable":true,"href":"https:\/\/devoirsvt.fabien-nguyen.fr\/index.php?rest_route=\/wp\/v2\/users\/1"}],"replies":[{"embeddable":true,"href":"https:\/\/devoirsvt.fabien-nguyen.fr\/index.php?rest_route=%2Fwp%2Fv2%2Fcomments&post=938"}],"version-history":[{"count":13,"href":"https:\/\/devoirsvt.fabien-nguyen.fr\/index.php?rest_route=\/wp\/v2\/pages\/938\/revisions"}],"predecessor-version":[{"id":2282,"href":"https:\/\/devoirsvt.fabien-nguyen.fr\/index.php?rest_route=\/wp\/v2\/pages\/938\/revisions\/2282"}],"wp:attachment":[{"href":"https:\/\/devoirsvt.fabien-nguyen.fr\/index.php?rest_route=%2Fwp%2Fv2%2Fmedia&parent=938"}],"curies":[{"name":"wp","href":"https:\/\/api.w.org\/{rel}","templated":true}]}}